{"id":69,"date":"2013-01-11T11:57:23","date_gmt":"2013-01-11T16:57:23","guid":{"rendered":"http:\/\/www.morgentaler25years.ca\/fr\/?page_id=69"},"modified":"2013-01-14T13:37:12","modified_gmt":"2013-01-14T18:37:12","slug":"archives-historiques","status":"publish","type":"page","link":"https:\/\/www.morgentaler25years.ca\/fr\/la-lutte-pour-le-droit-a-lavortement\/decennies-1960-a-1980\/archives-historiques\/","title":{"rendered":"Archives historiques"},"content":{"rendered":"<ul>\n<li>juillet 1962 \u2022 <i>Liberty Magazine, <\/i><a href=\"http:\/\/www.morgentaler25years.ca\/july-1962-why-abortion-should-be-legalized-in-canada\" target=\"_blank\">\u201cWhy abortion should be legalized in Canada\u201d (Pourquoi l\u2019avortement doit \u00eatre l\u00e9galis\u00e9 au Canada)<\/a> par Dr. Benjamin Schlesinger<\/li>\n<\/ul>\n<p>Chaque ann\u00e9e, 50 000 femmes canadiennes subissent des chirurgies dangereuses. Nos lois cruelles n\u2019offrent aucune solution \u00e0 ce probl\u00e8me soci\u00e9tal angoissant.<\/p>\n<ul>\n<li>6 mai 1967 \u2022 <i>SW Magazine, <\/i><a href=\"http:\/\/www.morgentaler25years.ca\/may-1967-how-the-hospitals-broke-the-great-abortion-silence\/\" target=\"_blank\">\u201cHow the hospitals broke the great abortion silence\u201d (Comment les h\u00f4pitaux ont rompu le silence sur l\u2019avortement)<\/a> par Walter Stewart<\/li>\n<\/ul>\n<p>Dix bonnes raisons pour lesquelles l\u2019interdiction sur l\u2019avortement a \u00e9t\u00e9 ignor\u00e9e ont \u00e9t\u00e9 puis\u00e9es de ces dix cas d\u2019h\u00f4pitaux \u00e0 travers le Canada.<\/p>\n<ul>\n<li>19 mars 1970, <i>Women\u2019s Caucus of Vancouver. <\/i><a href=\"http:\/\/www.morgentaler25years.ca\/wp-content\/uploads\/2013\/01\/womens-caucus-letter-1970.pdf\" target=\"_blank\">Une lettre au Premier Ministre pour demander l\u2019abolition de la loi sur l\u2019avortement<\/a><\/li>\n<\/ul>\n<ul>\n<li>janvier 1975 \u2022 <i>Vancouver Sun, <\/i><a href=\"http:\/\/www.morgentaler25years.ca\/january-1975-abortion-law-a-farce\/\" target=\"_blank\">\u201cAbortion law \u2018a farce\u2019: Lawyer details twists and turns\u201d (Loi sur l\u2019avortement, une vraie farce : Un avocat partage les d\u00e9tails rebondissants)<\/a> par Kayce White<\/li>\n<\/ul>\n<p>Avocat montr\u00e9alais, Claude-Armand Sheppard, a pass\u00e9 cinq ans devant les tribunaux, faisant valoir tous les aspects de la loi sur l\u2019avortement. Durant ce temps, il est venu \u00e0 la conclusion que la loi sur l\u2019avortement est \u00abune farce\u00bb.<\/p>\n<p>&nbsp;<\/p>\n","protected":false},"excerpt":{"rendered":"<p>juillet 1962 \u2022 Liberty Magazine, \u201cWhy abortion should be legalized in Canada\u201d (Pourquoi l\u2019avortement doit \u00eatre l\u00e9galis\u00e9 au Canada) par Dr. Benjamin Schlesinger Chaque ann\u00e9e, 50 000 femmes canadiennes subissent des chirurgies dangereuses. Nos lois cruelles n\u2019offrent aucune solution \u00e0 ce probl\u00e8me soci\u00e9tal angoissant. 6 mai 1967 \u2022 SW Magazine, \u201cHow the hospitals broke the [&hellip;]<\/p>\n","protected":false},"author":1,"featured_media":0,"parent":49,"menu_order":0,"comment_status":"closed","ping_status":"closed","template":"","meta":[],"_links":{"self":[{"href":"https:\/\/www.morgentaler25years.ca\/fr\/wp-json\/wp\/v2\/pages\/69"}],"collection":[{"href":"https:\/\/www.morgentaler25years.ca\/fr\/wp-json\/wp\/v2\/pages"}],"about":[{"href":"https:\/\/www.morgentaler25years.ca\/fr\/wp-json\/wp\/v2\/types\/page"}],"author":[{"embeddable":true,"href":"https:\/\/www.morgentaler25years.ca\/fr\/wp-json\/wp\/v2\/users\/1"}],"replies":[{"embeddable":true,"href":"https:\/\/www.morgentaler25years.ca\/fr\/wp-json\/wp\/v2\/comments?post=69"}],"version-history":[{"count":5,"href":"https:\/\/www.morgentaler25years.ca\/fr\/wp-json\/wp\/v2\/pages\/69\/revisions"}],"predecessor-version":[{"id":174,"href":"https:\/\/www.morgentaler25years.ca\/fr\/wp-json\/wp\/v2\/pages\/69\/revisions\/174"}],"up":[{"embeddable":true,"href":"https:\/\/www.morgentaler25years.ca\/fr\/wp-json\/wp\/v2\/pages\/49"}],"wp:attachment":[{"href":"https:\/\/www.morgentaler25years.ca\/fr\/wp-json\/wp\/v2\/media?parent=69"}],"curies":[{"name":"wp","href":"https:\/\/api.w.org\/{rel}","templated":true}]}}