{"id":40,"date":"2013-01-08T12:16:20","date_gmt":"2013-01-08T17:16:20","guid":{"rendered":"http:\/\/www.morgentaler25years.ca\/fr\/?page_id=40"},"modified":"2013-01-14T13:05:28","modified_gmt":"2013-01-14T18:05:28","slug":"ma-rencontre-avec-henry","status":"publish","type":"page","link":"https:\/\/www.morgentaler25years.ca\/fr\/au-sujet-dhenry-morgentaler\/ma-rencontre-avec-henry\/","title":{"rendered":"Ma rencontre avec Henry"},"content":{"rendered":"<p>Nous vous invitons \u00e0 partager l&#8217;histoire de vos rencontres ou de vos souvenirs personnels avec Henry, en tant que patient(e), ami(e), coll\u00e8gue ou militant(e). Partagez-les s&#8217;il vous pla\u00eet via la section commentaires un peu plus bas.<\/p>\n<p>Note: Cette page est mod\u00e9r\u00e9e. Nous nous r\u00e9servons le droit de rejeter et d\u2019effacer des commentaires.<\/p>\n<p>&nbsp;<\/p>\n<p>&nbsp;<\/p>\n","protected":false},"excerpt":{"rendered":"<p>Nous vous invitons \u00e0 partager l&#8217;histoire de vos rencontres ou de vos souvenirs personnels avec Henry, en tant que patient(e), ami(e), coll\u00e8gue ou militant(e). Partagez-les s&#8217;il vous pla\u00eet via la section commentaires un peu plus bas. Note: Cette page est mod\u00e9r\u00e9e. Nous nous r\u00e9servons le droit de rejeter et d\u2019effacer des commentaires. &nbsp; &nbsp;<\/p>\n","protected":false},"author":1,"featured_media":0,"parent":23,"menu_order":0,"comment_status":"open","ping_status":"closed","template":"","meta":[],"_links":{"self":[{"href":"https:\/\/www.morgentaler25years.ca\/fr\/wp-json\/wp\/v2\/pages\/40"}],"collection":[{"href":"https:\/\/www.morgentaler25years.ca\/fr\/wp-json\/wp\/v2\/pages"}],"about":[{"href":"https:\/\/www.morgentaler25years.ca\/fr\/wp-json\/wp\/v2\/types\/page"}],"author":[{"embeddable":true,"href":"https:\/\/www.morgentaler25years.ca\/fr\/wp-json\/wp\/v2\/users\/1"}],"replies":[{"embeddable":true,"href":"https:\/\/www.morgentaler25years.ca\/fr\/wp-json\/wp\/v2\/comments?post=40"}],"version-history":[{"count":11,"href":"https:\/\/www.morgentaler25years.ca\/fr\/wp-json\/wp\/v2\/pages\/40\/revisions"}],"predecessor-version":[{"id":64,"href":"https:\/\/www.morgentaler25years.ca\/fr\/wp-json\/wp\/v2\/pages\/40\/revisions\/64"}],"up":[{"embeddable":true,"href":"https:\/\/www.morgentaler25years.ca\/fr\/wp-json\/wp\/v2\/pages\/23"}],"wp:attachment":[{"href":"https:\/\/www.morgentaler25years.ca\/fr\/wp-json\/wp\/v2\/media?parent=40"}],"curies":[{"name":"wp","href":"https:\/\/api.w.org\/{rel}","templated":true}]}}