{"id":245,"date":"2013-02-05T11:57:57","date_gmt":"2013-02-05T16:57:57","guid":{"rendered":"http:\/\/www.morgentaler25years.ca\/fr\/?page_id=245"},"modified":"2013-02-05T11:57:57","modified_gmt":"2013-02-05T16:57:57","slug":"manifestation-de-soutien-de-lonu","status":"publish","type":"page","link":"https:\/\/www.morgentaler25years.ca\/fr\/manifestation-de-soutien-de-lonu\/","title":{"rendered":"Manifestation de soutien de l\u2019ONU"},"content":{"rendered":"<div id=\"attachment_242\" style=\"width: 250px\" class=\"wp-caption alignleft\"><a href=\"http:\/\/www.morgentaler25years.ca\/fr\/wp-content\/uploads\/2013\/01\/anandgrover-300x296.jpg\"><img aria-describedby=\"caption-attachment-242\" loading=\"lazy\" class=\" wp-image-242 \" alt=\"Anand Grover\" src=\"http:\/\/www.morgentaler25years.ca\/fr\/wp-content\/uploads\/2013\/01\/anandgrover-300x296.jpg\" width=\"240\" height=\"237\" \/><\/a><p id=\"caption-attachment-242\" class=\"wp-caption-text\">Anand Grover<\/p><\/div>\n<p>Manifestation de soutien des Nations Unies<\/p>\n<p>Anand Grover, Rapporteur sp\u00e9cial des Nations Unies pour le Droit \u00e0 la Sant\u00e9<\/p>\n<p>Mumbai, Inde, 23 Janvier 2013<\/p>\n<p>Je f\u00e9licite le Canada des 25 ans \u00e9coul\u00e9s depuis R v. Morgentaler, lorsque le pays est pass\u00e9 avec succ\u00e8s d\u2019un r\u00e9gime criminel limitant l\u2019avortement \u00e0 un environnement favorable dans lequel chaque femme b\u00e9n\u00e9ficie de droits concernant sa sant\u00e9 sexuelle et g\u00e9n\u00e9sique.<\/p>\n<p>Les Etats doivent respecter le droit \u00e0 la sant\u00e9 des femmes sans perturber leur droit \u00e0 l\u2019autonomie et \u00e0 la vie priv\u00e9 ainsi qu\u2019\u00e0 la dignit\u00e9, ceux-ci \u00e9tant essentiels au droit \u00e0 la sant\u00e9 sexuelle et g\u00e9n\u00e9sique. Le droit \u00e0 la sant\u00e9 mandate \u00e9galement les Etats \u00e0 assurer que l\u2019acc\u00e8s aux \u00e9quipements, biens et services de sant\u00e9 est disponible pour toutes, sans discrimination. Cela n\u00e9cessite la suppression des barri\u00e8res \u00e9conomiques, physiques et l\u00e9gales quant \u00e0 l\u2019acc\u00e8s aux services de sant\u00e9, et notamment l\u2019acc\u00e8s \u00e0 l\u2019avortement. La criminalisation est un obstacle \u00e0 la concr\u00e9tisation du droit \u00e0 la sant\u00e9 pour les femmes et les expose aux risques associ\u00e9s \u00e0 des avortements non s\u00e9curis\u00e9s et ill\u00e9gaux.<\/p>\n<p>En d\u00e9criminalisant (d\u00e9p\u00e9nalisant) l\u2019avortement, R v. Morgentaler a fai<\/p>\n","protected":false},"excerpt":{"rendered":"<p>Manifestation de soutien des Nations Unies Anand Grover, Rapporteur sp\u00e9cial des Nations Unies pour le Droit \u00e0 la Sant\u00e9 Mumbai, Inde, 23 Janvier 2013 Je f\u00e9licite le Canada des 25 ans \u00e9coul\u00e9s depuis R v. Morgentaler, lorsque le pays est pass\u00e9 avec succ\u00e8s d\u2019un r\u00e9gime criminel limitant l\u2019avortement \u00e0 un environnement favorable dans lequel chaque [&hellip;]<\/p>\n","protected":false},"author":1,"featured_media":0,"parent":0,"menu_order":0,"comment_status":"closed","ping_status":"closed","template":"","meta":[],"_links":{"self":[{"href":"https:\/\/www.morgentaler25years.ca\/fr\/wp-json\/wp\/v2\/pages\/245"}],"collection":[{"href":"https:\/\/www.morgentaler25years.ca\/fr\/wp-json\/wp\/v2\/pages"}],"about":[{"href":"https:\/\/www.morgentaler25years.ca\/fr\/wp-json\/wp\/v2\/types\/page"}],"author":[{"embeddable":true,"href":"https:\/\/www.morgentaler25years.ca\/fr\/wp-json\/wp\/v2\/users\/1"}],"replies":[{"embeddable":true,"href":"https:\/\/www.morgentaler25years.ca\/fr\/wp-json\/wp\/v2\/comments?post=245"}],"version-history":[{"count":1,"href":"https:\/\/www.morgentaler25years.ca\/fr\/wp-json\/wp\/v2\/pages\/245\/revisions"}],"predecessor-version":[{"id":246,"href":"https:\/\/www.morgentaler25years.ca\/fr\/wp-json\/wp\/v2\/pages\/245\/revisions\/246"}],"wp:attachment":[{"href":"https:\/\/www.morgentaler25years.ca\/fr\/wp-json\/wp\/v2\/media?parent=245"}],"curies":[{"name":"wp","href":"https:\/\/api.w.org\/{rel}","templated":true}]}}