{"id":18,"date":"2013-01-07T13:00:15","date_gmt":"2013-01-07T18:00:15","guid":{"rendered":"http:\/\/www.morgentaler25years.ca\/fr\/?page_id=18"},"modified":"2013-01-14T13:06:12","modified_gmt":"2013-01-14T18:06:12","slug":"envoyez-un-message-prive-a-dr-morgentaler","status":"publish","type":"page","link":"https:\/\/www.morgentaler25years.ca\/fr\/envoyez-un-message-prive-a-dr-morgentaler\/","title":{"rendered":"Envoyez un message priv\u00e9 au Dr. Morgentaler"},"content":{"rendered":"<p>Si vous pr\u00e9f\u00e9rez envoyer un message priv\u00e9 au Dr Henry Morgentaler, sans qu\u2019il soit int\u00e9grer \u00e0 ce site, remplissez s\u2019il-vous-pla\u00eet le formulaire ci-dessous.<\/p>\n<p><em>Note: Tous les messages seront tri\u00e9s avant d\u2019\u00eatre envoy\u00e9s au Dr. Morgentaler. Nous nous r\u00e9servons le droits de rejeter des messages.<\/em><\/p>\n<p><script type=\"text\/javascript\" src=\"http:\/\/form.jotform.ca\/jsform\/23465694649267\"><\/script><\/p>\n","protected":false},"excerpt":{"rendered":"<p>Si vous pr\u00e9f\u00e9rez envoyer un message priv\u00e9 au Dr Henry Morgentaler, sans qu\u2019il soit int\u00e9grer \u00e0 ce site, remplissez s\u2019il-vous-pla\u00eet le formulaire ci-dessous. Note: Tous les messages seront tri\u00e9s avant d\u2019\u00eatre envoy\u00e9s au Dr. Morgentaler. Nous nous r\u00e9servons le droits de rejeter des messages.<\/p>\n","protected":false},"author":1,"featured_media":0,"parent":0,"menu_order":0,"comment_status":"closed","ping_status":"closed","template":"","meta":[],"_links":{"self":[{"href":"https:\/\/www.morgentaler25years.ca\/fr\/wp-json\/wp\/v2\/pages\/18"}],"collection":[{"href":"https:\/\/www.morgentaler25years.ca\/fr\/wp-json\/wp\/v2\/pages"}],"about":[{"href":"https:\/\/www.morgentaler25years.ca\/fr\/wp-json\/wp\/v2\/types\/page"}],"author":[{"embeddable":true,"href":"https:\/\/www.morgentaler25years.ca\/fr\/wp-json\/wp\/v2\/users\/1"}],"replies":[{"embeddable":true,"href":"https:\/\/www.morgentaler25years.ca\/fr\/wp-json\/wp\/v2\/comments?post=18"}],"version-history":[{"count":10,"href":"https:\/\/www.morgentaler25years.ca\/fr\/wp-json\/wp\/v2\/pages\/18\/revisions"}],"predecessor-version":[{"id":171,"href":"https:\/\/www.morgentaler25years.ca\/fr\/wp-json\/wp\/v2\/pages\/18\/revisions\/171"}],"wp:attachment":[{"href":"https:\/\/www.morgentaler25years.ca\/fr\/wp-json\/wp\/v2\/media?parent=18"}],"curies":[{"name":"wp","href":"https:\/\/api.w.org\/{rel}","templated":true}]}}