{"id":16,"date":"2013-01-07T12:57:47","date_gmt":"2013-01-07T17:57:47","guid":{"rendered":"http:\/\/www.morgentaler25years.ca\/fr\/?page_id=16"},"modified":"2013-01-14T12:22:21","modified_gmt":"2013-01-14T17:22:21","slug":"signez-le-livre-de-visiteurs","status":"publish","type":"page","link":"https:\/\/www.morgentaler25years.ca\/fr\/signez-le-livre-de-visiteurs\/","title":{"rendered":"Signez le livre des visiteurs"},"content":{"rendered":"<p>Prenez s\u2019il vous pla\u00eet le temps de signer notre livre des visiteurs afin d\u2019exprimer vos messages de f\u00e9licitations au Dr Henry Morgentaler. Vous pouvez inclure un message ou partager votre message de c\u00e9l\u00e9bration pour les 25 ans des droits de reproduction des femmes au Canada. (Limite de 150 mots)<\/p>\n<p><em>Note : Cette page est mod\u00e9r\u00e9e. Nous nous r\u00e9servons le droit de rejeter et d\u2019effacer des commentaires.<\/em><\/p>\n","protected":false},"excerpt":{"rendered":"<p>Prenez s\u2019il vous pla\u00eet le temps de signer notre livre des visiteurs afin d\u2019exprimer vos messages de f\u00e9licitations au Dr Henry Morgentaler. Vous pouvez inclure un message ou partager votre message de c\u00e9l\u00e9bration pour les 25 ans des droits de reproduction des femmes au Canada. (Limite de 150 mots) Note : Cette page est mod\u00e9r\u00e9e. [&hellip;]<\/p>\n","protected":false},"author":1,"featured_media":0,"parent":0,"menu_order":0,"comment_status":"open","ping_status":"closed","template":"","meta":[],"_links":{"self":[{"href":"https:\/\/www.morgentaler25years.ca\/fr\/wp-json\/wp\/v2\/pages\/16"}],"collection":[{"href":"https:\/\/www.morgentaler25years.ca\/fr\/wp-json\/wp\/v2\/pages"}],"about":[{"href":"https:\/\/www.morgentaler25years.ca\/fr\/wp-json\/wp\/v2\/types\/page"}],"author":[{"embeddable":true,"href":"https:\/\/www.morgentaler25years.ca\/fr\/wp-json\/wp\/v2\/users\/1"}],"replies":[{"embeddable":true,"href":"https:\/\/www.morgentaler25years.ca\/fr\/wp-json\/wp\/v2\/comments?post=16"}],"version-history":[{"count":8,"href":"https:\/\/www.morgentaler25years.ca\/fr\/wp-json\/wp\/v2\/pages\/16\/revisions"}],"predecessor-version":[{"id":47,"href":"https:\/\/www.morgentaler25years.ca\/fr\/wp-json\/wp\/v2\/pages\/16\/revisions\/47"}],"wp:attachment":[{"href":"https:\/\/www.morgentaler25years.ca\/fr\/wp-json\/wp\/v2\/media?parent=16"}],"curies":[{"name":"wp","href":"https:\/\/api.w.org\/{rel}","templated":true}]}}