{"id":10,"date":"2013-01-07T17:38:08","date_gmt":"2013-01-07T17:38:08","guid":{"rendered":"http:\/\/www.morgentaler25years.ca\/fr\/?page_id=10"},"modified":"2013-01-13T22:03:04","modified_gmt":"2013-01-14T03:03:04","slug":"calendar","status":"publish","type":"page","link":"https:\/\/www.morgentaler25years.ca\/fr\/calendar\/","title":{"rendered":"\u00c9v\u00e9nements"},"content":{"rendered":"<p>Plusieurs \u00e9v\u00e9nements auront lieu partout au Canada pour c\u00e9l\u00e9brer ce 25<sup>e<\/sup> anniversaire. S\u2019il y en a un dans votre ville, amenez-y vos ami(e)s!\u00a0 Si non, pourquoi ne pas en organiser un vous-m\u00eame? <a href=\"http:\/\/www.jotform.ca\/jarrahpenguin\/morgentalerevents\" target=\"_blank\">Faites-nous en part sur ce formulaire<\/a> pour que nous l\u2019ajoutions \u00e0 notre liste.<\/p>\n","protected":false},"excerpt":{"rendered":"<p>Plusieurs \u00e9v\u00e9nements auront lieu partout au Canada pour c\u00e9l\u00e9brer ce 25e anniversaire. S\u2019il y en a un dans votre ville, amenez-y vos ami(e)s!\u00a0 Si non, pourquoi ne pas en organiser un vous-m\u00eame? Faites-nous en part sur ce formulaire pour que nous l\u2019ajoutions \u00e0 notre liste.<\/p>\n","protected":false},"author":1,"featured_media":0,"parent":0,"menu_order":0,"comment_status":"closed","ping_status":"closed","template":"","meta":[],"_links":{"self":[{"href":"https:\/\/www.morgentaler25years.ca\/fr\/wp-json\/wp\/v2\/pages\/10"}],"collection":[{"href":"https:\/\/www.morgentaler25years.ca\/fr\/wp-json\/wp\/v2\/pages"}],"about":[{"href":"https:\/\/www.morgentaler25years.ca\/fr\/wp-json\/wp\/v2\/types\/page"}],"author":[{"embeddable":true,"href":"https:\/\/www.morgentaler25years.ca\/fr\/wp-json\/wp\/v2\/users\/1"}],"replies":[{"embeddable":true,"href":"https:\/\/www.morgentaler25years.ca\/fr\/wp-json\/wp\/v2\/comments?post=10"}],"version-history":[{"count":4,"href":"https:\/\/www.morgentaler25years.ca\/fr\/wp-json\/wp\/v2\/pages\/10\/revisions"}],"predecessor-version":[{"id":11,"href":"https:\/\/www.morgentaler25years.ca\/fr\/wp-json\/wp\/v2\/pages\/10\/revisions\/11"}],"wp:attachment":[{"href":"https:\/\/www.morgentaler25years.ca\/fr\/wp-json\/wp\/v2\/media?parent=10"}],"curies":[{"name":"wp","href":"https:\/\/api.w.org\/{rel}","templated":true}]}}